{"id":31,"date":"2018-10-23T08:04:01","date_gmt":"2018-10-23T08:04:01","guid":{"rendered":"https:\/\/futuriodemos.com\/default-demo\/?page_id=31"},"modified":"2026-03-24T21:59:30","modified_gmt":"2026-03-24T20:59:30","slug":"home","status":"publish","type":"page","link":"https:\/\/cathedrale-conseils.com\/","title":{"rendered":"Home"},"content":{"rendered":"<h2>\n<h3><strong>Bienvenue chez<\/strong><\/h3>\n<\/h2>\n<h2 data-speed=\"55\" data-delay=\"2000\" data-loop=\"1\">\n                    Cathedrale Conseils<br \/>\n                <\/h2>\n<h3><strong>Conseils, audit et solutions en t\u00e9l\u00e9communications\u00a0<\/strong><\/h3>\n<h3>\n\t\t\t\t\t\tInternet<br \/>\n\t\t\t\t<\/h3>\n<p>\n\t\t\t\t\t\tWifi, fibre, 4G, 5G\t\t\t\t\t<\/p>\n<h3>\n\t\t\t\t\t\tT\u00e9l\u00e9phonie<br \/>\n\t\t\t\t<\/h3>\n<p>\n\t\t\t\t\t\tSolution t\u00e9l\u00e9phonie mobile et fixe\t\t\t\t\t<\/p>\n<h3>\n\t\t\t\t\t\tMessagerie<br \/>\n\t\t\t\t<\/h3>\n<p>\n\t\t\t\t\t\tMise en place de messagerie collective et gestion de r\u00e9seaux d&rsquo;entreprise\t\t\t\t\t<\/p>\n<p><strong>QUI SOMMES-NOUS ?<\/strong><\/p>\n<p>CATHEDRALE<strong> CONSEILS<\/strong> est une soci\u00e9t\u00e9 de services et de conseils \u00e0 destination des <strong>collectivit\u00e9s<\/strong>, <strong>professionnels<\/strong>, des <strong>TPE<\/strong> et des <strong>PME<\/strong> de la r\u00e9gion GRAND EST : nous adressons globalement le march\u00e9 des TIC (Technologies de l&rsquo;Information et de la Communication).<\/p>\n<p>Nous proposons un \u00e9ventail de prestations, seules ou combin\u00e9es, dans tous les domaines technologiques convergeant autour de l&rsquo;IP :<\/p>\n<ul>\n<li>\n\t\t\t\t\t\t\t\t\t\tT\u00e9l\u00e9phonie d&rsquo;entreprise\n\t\t\t\t\t\t\t\t\t<\/li>\n<li>\n\t\t\t\t\t\t\t\t\t\tInfrastructure r\u00e9seau\n\t\t\t\t\t\t\t\t\t<\/li>\n<li>\n\t\t\t\t\t\t\t\t\t\tSyst\u00e8me informatique\n\t\t\t\t\t\t\t\t\t<\/li>\n<li>\n\t\t\t\t\t\t\t\t\t\tAcc\u00e8s Internet\n\t\t\t\t\t\t\t\t\t<\/li>\n<li>\n\t\t\t\t\t\t\t\t\t\tServices cloud\n\t\t\t\t\t\t\t\t\t<\/li>\n<\/ul>\n<figure><img loading=\"lazy\" decoding=\"async\" width=\"512\" height=\"512\" src=\"https:\/\/cathedrale-conseils.com\/wp-content\/uploads\/2020\/05\/dna-chain.png\" alt=\"\" loading=\"lazy\" \/><\/figure>\n<h3>Notre ADN<\/h3>\n<h3>Le bon sens d&rsquo;abord<\/h3>\n<p>Une \u00e9vidence ainsi qu&rsquo;un g\u00e8ne indispensable qu&rsquo;il est bon de rappeler.<\/p>\n<h3>L&rsquo;exp\u00e9rience ensuite <\/h3>\n<p>Parce que nous voulons nos conseils concrets, utiles et efficaces.<\/p>\n<h3>L&rsquo;ind\u00e9pendance, enfin <\/h3>\n<p>C&rsquo;est la garantie de notre objectivit\u00e9.<\/p>\n<h2>Nos partenaires<\/h2>\n<figure><img decoding=\"async\" src=\"https:\/\/cathedrale-conseils.com\/wp-content\/uploads\/elementor\/thumbs\/Logo_mib-spam-long-op5qvd2wyskm25f6gly8mq8ck53a1ulk1yy2xb23lc.png\" alt=\"Logo_mib-spam-long\" \/><\/figure>\n<figure><img decoding=\"async\" src=\"https:\/\/cathedrale-conseils.com\/wp-content\/uploads\/elementor\/thumbs\/logo_foot-op5qt56mtvj8nan8f5ey8se62e12vksdezht4sckbc.jpg\" alt=\"logo_foot\" \/><\/figure>\n<figure><img decoding=\"async\" src=\"https:\/\/cathedrale-conseils.com\/wp-content\/uploads\/elementor\/thumbs\/Unknown-op5qrrd6rnn1jynli1vq2myqkyumjmalk4x2p4efbk.jpeg\" alt=\"Unknown\" \/><\/figure>\n<figure><img decoding=\"async\" src=\"https:\/\/cathedrale-conseils.com\/wp-content\/uploads\/elementor\/thumbs\/c467cf3014b5f4c18d1a45435415ea06_milkshakelogocomplet-1-op5qolmpspbcj58sy6pv6xnypcf7o8r2shzbmn32eu.png\" alt=\"c467cf3014b5f4c18d1a45435415ea06_milkshakelogocomplet\" \/><\/figure>\n<figure><img decoding=\"async\" src=\"https:\/\/cathedrale-conseils.com\/wp-content\/uploads\/elementor\/thumbs\/logo-default-1-op5qo5ngkiph1rw0jht7ijp4lslz1dzn2aw2gxqr6i.jpg\" alt=\"logo-default\" \/><\/figure>\n<figure><img decoding=\"async\" src=\"https:\/\/cathedrale-conseils.com\/wp-content\/uploads\/elementor\/thumbs\/Logo-320p127-1-op5qo4pmdoo6q5xdozeky1xo0eqltovwq68kzns5m6.png\" alt=\"Logo-320p127\" \/><\/figure>\n<h3>SP\u00c9CIALISTE DANS LA TRANSFORMATION DES INFRASTRUCTURES <\/h3>\n<p>NOUS R\u00c9PONDONS \u00c0 L\u2019INT\u00c9GRALIT\u00c9 DE VOS BESOINS EN INFRASTRUCTURE IT.&nbsp;NOTRE PORTFOLIO DE SOLUTIONS ET DE SERVICES NOUS PERMET D\u2019APPORTER NOTRE VALEUR AJOUT\u00c9E DANS TOUT LE P\u00c9RIM\u00c8TRE DU SYST\u00c8ME D\u2019INFORMATION.<\/p>\n<h4>Nous contacter<\/h4>\n<p>Email :<\/p>\n<p><a href=\"mailto:contact@cathedrale-conseils.com\">contact@cathedrale-conseils.com<\/a><\/p>\n<p>\t\t\tcontact\t\t<\/p>\n<p>T\u00e9l\u00e9phone : 0 891\u00a0038 700\u00a0<\/p>\n<p>\t\t\thoraires \t\t<\/p>\n<p>MON-FRI 09:00 &#8211; 19:00<\/p>\n<p>SAT-SUN 10:00 &#8211; 14:00<\/p>\n<p>\t\t\tFollow Us<\/p>\n","protected":false},"excerpt":{"rendered":"<p>Bienvenue chez Cathedrale Conseils Conseils, audit et solutions en t\u00e9l\u00e9communications\u00a0 Internet Wifi, fibre, 4G, 5G T\u00e9l\u00e9phonie Solution t\u00e9l\u00e9phonie mobile et fixe Messagerie Mise en place de messagerie collective et gestion de r\u00e9seaux d&rsquo;entreprise QUI SOMMES-NOUS ? CATHEDRALE CONSEILS est une soci\u00e9t\u00e9 de services et de conseils \u00e0 destination des collectivit\u00e9s, professionnels, des TPE et des&hellip;<\/p>\n","protected":false},"author":1,"featured_media":0,"parent":0,"menu_order":0,"comment_status":"closed","ping_status":"closed","template":"","meta":{"footnotes":""},"class_list":["post-31","page","type-page","status-publish","hentry"],"_links":{"self":[{"href":"https:\/\/cathedrale-conseils.com\/index.php\/wp-json\/wp\/v2\/pages\/31","targetHints":{"allow":["GET"]}}],"collection":[{"href":"https:\/\/cathedrale-conseils.com\/index.php\/wp-json\/wp\/v2\/pages"}],"about":[{"href":"https:\/\/cathedrale-conseils.com\/index.php\/wp-json\/wp\/v2\/types\/page"}],"author":[{"embeddable":true,"href":"https:\/\/cathedrale-conseils.com\/index.php\/wp-json\/wp\/v2\/users\/1"}],"replies":[{"embeddable":true,"href":"https:\/\/cathedrale-conseils.com\/index.php\/wp-json\/wp\/v2\/comments?post=31"}],"version-history":[{"count":67,"href":"https:\/\/cathedrale-conseils.com\/index.php\/wp-json\/wp\/v2\/pages\/31\/revisions"}],"predecessor-version":[{"id":517,"href":"https:\/\/cathedrale-conseils.com\/index.php\/wp-json\/wp\/v2\/pages\/31\/revisions\/517"}],"wp:attachment":[{"href":"https:\/\/cathedrale-conseils.com\/index.php\/wp-json\/wp\/v2\/media?parent=31"}],"curies":[{"name":"wp","href":"https:\/\/api.w.org\/{rel}","templated":true}]}}